{"id":20,"date":"2019-09-29T18:20:26","date_gmt":"2019-09-29T16:20:26","guid":{"rendered":"http:\/\/esoterism3000.com\/astro3000\/?page_id=20"},"modified":"2019-09-29T19:22:27","modified_gmt":"2019-09-29T17:22:27","slug":"__trashed","status":"publish","type":"page","link":"https:\/\/esoterism3000.com\/astro3000\/index.php\/__trashed\/","title":{"rendered":"Proph\u00e9ties \u00e9crites en 2013 pour les 10 ans \u00e0 venir"},"content":{"rendered":"\n<h2><a href=\"http:\/\/esoterism3000.com\/morazzano\/?p=16\">Proph\u00e9ties pour les 10 ans \u00e0 venir pour le Monde et la France par Ma\u00eetre Morazzano<\/a><\/h2>\n\n\n\n<p>Lors d&rsquo;une migration informatique ce Blog a \u00e9t\u00e9 totalement d\u00e9truit. Il a pu \u00eatre reconstitu\u00e9, pour la partie \u00e9dit\u00e9 en 2013, tel qu&rsquo;il avait \u00e9t\u00e9 \u00e9crit \u00e0 l&rsquo;origine, gr\u00e2ce \u00e0 un second Blog \u00ab\u00a0Chroniques des Temps \u00e0 Venir\u00a0\u00bb  <a href=\"http:\/\/esoterism3000.com\/morazzano\/\">http:\/\/esoterism3000.com\/morazzano\/<\/a> .  <\/p>\n\n\n\n<p>Pour la suite de ces Pr\u00e9visions sur 10 ans (de 2013 \u00e0 2023) nous ins\u00e9rons des captures d&rsquo;\u00e9crans des textes \u00e9crits en 2016 et 2017. Comme chacun pourra v\u00e9rifier en les lisant la plupart de ces pr\u00e9visions ce sont av\u00e9r\u00e9es exactes. Ce qui est une Performance plut\u00f4t exceptionnelle.<\/p>\n\n\n\n<p>by&nbsp;<a href=\"http:\/\/esoterism3000.com\/morazzano\/?author=1\">admin<\/a>&nbsp;on Mar.17, 2013, under&nbsp;<a href=\"http:\/\/esoterism3000.com\/morazzano\/?cat=15\">PROPHETIES<\/a><\/p>\n\n\n\n<p><strong>CHANGEMENT<\/strong><strong>&nbsp;D\u2019ERE. LA MONDIALISATION EST TERMINEE !!!<\/strong><\/p>\n\n\n\n<p>J\u2019ai personnellement d\u00e9couvert il y a une vingtaine d\u2019ann\u00e9e les m\u00e9canismes Astrologiques r\u00e9gissant les Ev\u00e8nements de notre Plan\u00e8te; j\u2019ai pu v\u00e9rifier l\u2019exactitude de mes recherches sur pr\u00e8s de 2000 ans d\u2019Histoire.<\/p>\n\n\n\n<p>Nous sommes rentr\u00e9s d\u00e9j\u00e0 depuis quelques ann\u00e9es dans une Ere totalement diff\u00e9rente de la pr\u00e9c\u00e9dente et \u00ab&nbsp;la P\u00e9riode de la Mondialisation est termin\u00e9e&nbsp;\u00bb place d\u00e9sormais \u00e0&nbsp;<strong>\u00ab&nbsp;L\u2019 Ere du retour des Valeurs Traditionnelles et du Patriotisme&nbsp;\u00bb.&nbsp;<\/strong><\/p>\n\n\n\n<p style=\"text-align:left\"><strong>RETOUR DE LA REGLEMENTATION ET DE L\u2019ECONOMIE TRADITIONNELLE,&nbsp;<\/strong><strong>RETOUR DES FRONTIERES, DES VALEURS MORALES ET DU PATRIOTISME, RETOUR &nbsp;AUX RACINES CULTURELLES, HISTORIQUES, RELIGIEUSES ET LA\u00cfQUES FONDANT L\u2019ALTERITE PROPRE A CHAQUE PEUPLE.<\/strong><\/p>\n\n\n\n<p><strong>D\u00e9sormais le Monde va se pr\u00e9occuper de la remise en ordre des m\u00e9canismes financiers apr\u00e8s la folie de la Mondialisation et des d\u00e9r\u00e9glementations&nbsp;outranci\u00e8res. D\u00e9sormais retour \u00e0 l\u2019\u00e9conomie classique, aux r\u00e8gles, aux nationalisations, aux protectionnismes, retour &nbsp;aux fronti\u00e8res et au Patriotisme.<\/strong><\/p>\n\n\n\n<p>L\u2019ann\u00e9e 2013 et les 10 ann\u00e9es suivantes verront le retours des valeurs traditionnelles (moralit\u00e9, famille, patrie); l\u2019attachement aux racines culturelles, religieuses et historiques. Cette vague traditionaliste va d\u00e9ferler non seulement sur la France et l\u2019Europe mais \u00e9galement sur l\u2019ensemble de la Plan\u00e8te. Chaque Peuple d\u00e9fendra d\u00e9sormais son h\u00e9ritage culturel avec une grande conviction et parfois m\u00eame avec f\u00e9rocit\u00e9 et malheur \u00e0 ceux qui nous voudrons parler encore de multiculturalisme, ils se feront broyer.<\/p>\n\n\n\n<p><strong>LES HOMMES POLITIQUES DEVIENDRONT PATRIOTES ET NATIONALISERONT SOUS LA PRESSION GRANDISSANTE DES PEUPLES<\/strong><\/p>\n\n\n\n<p>Le balancier de \u00ab&nbsp;la Mondialisation&nbsp;\u00bb, ayant \u00e9t\u00e9 trop &nbsp;loin, il reviendra avec une force d\u00e9cupl\u00e9e dans l\u2019autre sens et &nbsp;les hommes politiques avis\u00e9s changeront radicalement leur s\u00e9mantique et le terme \u00ab&nbsp;mondialiste&nbsp;\u00bb sera ray\u00e9 de leur vocabulaire et remplac\u00e9 par \u00ab&nbsp;Patriotisme&nbsp;\u00bb .<\/p>\n\n\n\n<p><strong>Ces changements ont d\u00e9j\u00e0 commenc\u00e9 et s\u2019amplifieront de fa\u00e7on importante \u00e0 partir de cette ann\u00e9e 2013.<\/strong><\/p>\n\n\n\n<p>On parlera de Nations et on renationalisera, sous la pression grandissante des peuples, les Grands Trusts &nbsp;industriels dont d\u00e9pendent le sort des Pays (Energies, transports, industries lourdes, acier, chantier naval, armement, voirie).<\/p>\n\n\n\n<p>On taxera les marchandises \u00e0 l\u2019importation de fa\u00e7on \u00e0 d\u00e9courager les d\u00e9localisations. On baissera les taxes \u00e0 l\u2019int\u00e9rieur des fronti\u00e8res de fa\u00e7on \u00e0 favoriser la Relocalisation des industries parties \u00e0 l\u2019Etranger.<\/p>\n\n\n\n<p><strong>CE MOUVEMENT DE RELOCALISATION DES INDUSTRIES SERA PLANETAIRE ET CHAQUE PAYS L\u2019ENCOURAGERA A SA MANIERE.&nbsp;<\/strong><\/p>\n\n\n\n<p>Les Peuples encourageront ces changements en consommant les produits issus de leur sol National. Ce mouvement de relocalisation sera Plan\u00e9taire et chaque Pays l\u2019 encouragera par diverses incitations (\u00e9conomiques ou coercitives).<\/p>\n\n\n\n<p>Ce vaste programme de r\u00e9industrialisation de l\u2019Europe, des Etats Unis, du Japon et du Monde en g\u00e9n\u00e9ral ne sera pas sans poser des probl\u00e8mes \u00e0 la Chine qui verra les usines \u00e9trang\u00e8res fuirent son territoire. Cela obligera le gouvernement Chinois \u00e0 rapatrier &nbsp;\u00bb ses avoirs \u00e0 l\u2019Etranger&nbsp;\u00bb ce qui provoquera des mouvements financiers importants. Le Gouvernement Chinois a d\u2019ailleurs commenc\u00e9 \u00e0 prendre conscience de ce risque et investit d\u00e9sormais massivement dans l\u2019agriculture et encourage le retour aux champs d\u2019une bonne partie des ouvriers.<\/p>\n\n\n\n<p><strong>FERMETURE &nbsp;DES FRONTIERES A L\u2019IMMIGRATION MASSIVE&nbsp;<\/strong><strong>ET COMMISSIONS D\u2019ENQU\u00caTES PARLEMENTAIRES.<\/strong><\/p>\n\n\n\n<p>Cette mont\u00e9e en puissance des valeurs patriotiques, culturelles et historiques sera grandissante et transformera le monde pour la d\u00e9cennie \u00e0 venir. L\u2019Europe, les Etats Unis, le Japon et les pays industrialis\u00e9s fermeront leurs fronti\u00e8res \u00e0 l\u2019immigration massive et encourageront par tous les moyens (parfois tr\u00e8s s\u00e9v\u00e8res) le retour chez eux des immigrants.<\/p>\n\n\n\n<p>Le Patriotisme deviendra une vertu majeur et dans certains pays il sera form\u00e9 des commissions d\u2019enqu\u00eates parlementaires, s\u00e9natoriales et m\u00eame journalistiques pour rechercher dans le pass\u00e9 &nbsp;ceux qui auront encourag\u00e9 les d\u00e9rives immigrationnistes et anti-nationales.<\/p>\n\n\n\n<p><strong>RETOUR DE LA SPIRITUALITE, DE LA PHILOSOPHIE, DE LA POESIE ET DE L\u2019ESOTERISME &nbsp;ET GRAND RETOUR DE LA FRANC-MACONNERIE .<\/strong><\/p>\n\n\n\n<p>La Spiritualit\u00e9 et le Mysticisme &nbsp;feront &nbsp;leur &nbsp;grand Retour et chacun voudra retrouver ses racines culturelles et spirituelles.<\/p>\n\n\n\n<p>Les questions philosophiques feront \u00e0 nouveau recette et la Po\u00e9sie redeviendra \u00e0 la mode.&nbsp;L\u2019\u00e9sot\u00e9risme fera sa R\u00e9volution et tout le monde s\u2019y int\u00e9ressera.<\/p>\n\n\n\n<p>Les Francs-ma\u00e7ons sortiront de leur r\u00e9serve et participeront par leur r\u00e9flexions actives aux &nbsp;\u00bb d\u00e9bats civilisationnels&nbsp;\u00bb &nbsp;\u00e0 venir.<\/p>\n\n\n\n<p><strong>GRAVES TENSIONS ENTRE LES RELIGIONS<\/strong><\/p>\n\n\n\n<p>La question de la La\u00efcit\u00e9 et des Religions sera au coeur de toutes cette agitation grandissante. La Tension deviendra tangible et &nbsp;m\u00eame explosive en Europe envers la Religion mulsumane. De grands Bouleversements en d\u00e9couleront.<\/p>\n\n\n\n<p>Dans les Pays du Moyen Orient le Nationalisme prendra des dimensions &nbsp;extr\u00eames et pourrait d\u00e9boucher &nbsp;sur un conflit &nbsp;majeur &nbsp;dans le courant de l\u2019ann\u00e9e 2014.<\/p>\n\n\n\n<p><strong>TEMPS INSTABLE, PLUIES ABONDANTES, INONDATIONS, HIVERS FROID &nbsp;ET LONG DURANT LA DECENNIE A VENIR.<\/strong><\/p>\n\n\n\n<p>Cette P\u00e9riode sera \u00e9galement celle de la variabilit\u00e9 du Temps mais avec une constante:&nbsp;<strong>&nbsp;beaucoup plus de pluie que durant la p\u00e9riode pr\u00e9c\u00e9dente et des hivers long et rigoureux et cela pendant une bonne dizaine d\u2019ann\u00e9es, surtout en Europe. Les ann\u00e9es 2013 et 2014 seront particuli\u00e8rement difficiles.&nbsp;<\/strong><\/p>\n\n\n\n<p>Cela n\u2019a absolument aucun rapport avec le \u00ab&nbsp;R\u00e9chauffement climatique&nbsp;\u00bb d\u00fb \u00e0 l\u2019industrialisation de notre plan\u00e8te. J\u2019ai pu retrouver en analysant les transits plan\u00e9taires sur 2000 ans d\u2019histoire &nbsp;des p\u00e9riodes &nbsp;climatiques comparables. &nbsp;Ainsi &nbsp;selon les configurations plan\u00e9taires de notre syst\u00e8me solaire nous subissons des p\u00e9riodes de r\u00e9chauffement ou de froid.&nbsp;Ce constat m\u2019a permis de \u00ab&nbsp;proph\u00e9tiser&nbsp;\u00bb d\u00e8s 2008 une p\u00e9riode de froid et de pluie pour les ann\u00e9es 2013, 2014 et les suivantes et cela pour les 10 ans \u00e0 venir. Dans les ann\u00e9es \u00e0 venir on parlera de moins en moins de ce fameux \u00ab&nbsp;R\u00e9chauffement&nbsp;\u00bb pour finalement ne plus en parler du tout.<\/p>\n\n\n\n<p><strong>SUFFISANCE ALIMENTAIRE EN EUROPE, AUX ETATS UNIS ET DANS LES PAYS INDUSTRIALISES MAIS GRAVE PENURIE DANS LE RESTE DU MONDE.&nbsp;<\/strong><\/p>\n\n\n\n<p>Ce Temps instable ne sera pas propice \u00e0 l\u2019agriculture et les prix des denr\u00e9es alimentaires augmenteront du fait de graves p\u00e9nuries alimentaires, aggravant la faim dans le Monde et les risques de conflits.<\/p>\n\n\n\n<p>L\u2019Europe, les Etats Unis et les pays industrialis\u00e9s, malgr\u00e9 la hausse des prix des denr\u00e9es alimentaires &nbsp;n\u2019en souffriront que relativement peu.<strong>&nbsp;La France, de par sa puissance agricole exceptionnelle, jouera un r\u00f4le majeur pour r\u00e9\u00e9quilibrer ce d\u00e9ficit alimentaire<\/strong><strong>.<\/strong><\/p>\n\n\n\n<p><strong>&nbsp;Malgr\u00e9 ce sentiment de relative &nbsp;s\u00e9curit\u00e9 je pense que chaque famille devrait pr\u00e9voir un l\u00e9ger stock alimentaire (eau potable et nourriture) pour 5 semaines.<\/strong><\/p>\n\n\n\n<p>Avoir chez soi un minimum de r\u00e9serve alimentaire pour quelques semaines devrait \u00eatre la norme; dans le pass\u00e9 nos grands parents dans les campagnes avaient des r\u00e9serves pour un an. En cas de fortes inondations ou de fortes couches de neige ces provisions permettront d\u2019attendre sereinement la r\u00e9ouverture des routes et le r\u00e9tablissement de l\u2019eau potable, voir le r\u00e9tablissement du courant \u00e9lectrique.<\/p>\n\n\n\n<p>Les paysans fran\u00e7ais deviendront les \u00ab&nbsp;chouchous de la Nation&nbsp;\u00bb et seront \u00e0 juste titre choy\u00e9s par le gouvernement en place. La France entreprendra de refaire de grandes r\u00e9serves alimentaires; l\u2019Europe lui embo\u00eetera le pas.<\/p>\n\n\n\n<p>L\u2019eau potable du fait des intemp\u00e9ries sera \u00e9galement un enjeu majeur. La France, l\u2019Europe, les Etats Unis et les Pays industrialis\u00e9s n\u2019en souffriront que tr\u00e8s peu.<\/p>\n\n\n\n<p><strong>AVENIR DE LA FRANCE ET DE L\u2019EUROPE.<\/strong><\/p>\n\n\n\n<p>Durant cette d\u00e9cennie la France reprendra confiance en elle et redeviendra la patronne de l\u2019Europe qu\u2019elle n\u2019a jamais cess\u00e9 d\u2019\u00eatre durant 16 si\u00e8cles, depuis qu\u2019elle avait succ\u00e9d\u00e9 \u00e0 l\u2019empire Romain, qui lui m\u00eame avait succ\u00e9d\u00e9 \u00e0 l\u2019Empire Grec qui avait succ\u00e9d\u00e9 \u00e0 l\u2019Empire Egyptien; cette place de porteur du flambeau universel &nbsp;elle le doit \u00e0 son Histoire, \u00e0 sa g\u00e9ographie centrale (elle est au centre de l\u2019Europe et du Monde), \u00e0 sa richesse agricole extraordinaire, \u00e0 son patrimoine culturel unique, \u00e0 sa puissance militaire et politique.<\/p>\n\n\n\n<p>Les gouvernants Fran\u00e7ais comprendront enfin que l\u2019Europe n\u2019existe que par la volont\u00e9 de la France et que la France est ma\u00eetresse de fait de celle-ci; ils imprimeront \u00e0 nouveau leurs empreintes pour r\u00e9former et transformer totalement cette Europe.<\/p>\n\n\n\n<p>La France reprendra la ma\u00eetrise de ses finances en redonnant le pouvoir \u00e0 la Banque de France; cr\u00e9\u00e9e par Napol\u00e9on pour financer \u00e0 taux z\u00e9ro la Nation et \u00e9viter \u00e0 la France d\u2019\u00eatre l\u2019otage de la finance internationale; durant 2 si\u00e8cles cette ma\u00eetrise financi\u00e8re et ce taux Z\u00e9ro \u00e0 fait la Richesse et la Grandeur de la France.<\/p>\n\n\n\n<p>En retrouvant sa ma\u00eetrise financi\u00e8re la &nbsp;France engagera de Grands travaux industriels et lancera des projets audacieux et innovants qui redynamiseront le Pays.<\/p>\n\n\n\n<p>Elle sera la premi\u00e8re \u00e0 fortement taxer les produits d\u2019importation, \u00e0 fermer ses fronti\u00e8res &nbsp;et \u00e0 &nbsp;renationaliser (voir plus haut).<\/p>\n\n\n\n<p>Elle reprendra go\u00fbt \u00e0 son Histoire, \u00e0 sa culture et redeviendra une grande Nation.<\/p>\n\n\n\n<p>Elle montrera l\u2019exemple \u00e0 l\u2019Europe qui la suivra dans toutes ces innovations et transformations.<\/p>\n\n\n\n<p>Mais avant d\u2019aboutir \u00e0 ces Transformations la France passera par 2 \u00e0 3 ann\u00e9es difficiles et mouvement\u00e9es. Les ann\u00e9es 2013 et 2014 seront des ann\u00e9es de grandes tensions et de grands bouleversements.<\/p>\n\n\n\n<p><strong>L\u2019ANNEE 2014 SERA L\u2019ANNEE DE TOUS LES RISQUES ET DE TOUS LES BOULEVERSEMENTS.<\/strong><\/p>\n\n\n\n<p>Durant l\u2019ann\u00e9e 2013 l\u2019accroissement des tensions sociales, politiques et civilisationnelles prendra des proportions de plus &nbsp;pr\u00e9occupantes. L\u2019ann\u00e9e 2014 sera l\u2019ann\u00e9e de tous les Risques et de graves Ev\u00e8nements risqueront de se produire amenant des Changements majeurs et totalement inattendus. Ces graves \u00e9v\u00e8nements d\u00e9buteront de fa\u00e7on anodine et s\u2019amplifieront sans que rien ne puisse les arr\u00eater.<\/p>\n\n\n\n<p><strong>RETOUR DU CLASSICISME ET DU FIGURATISME DANS L\u2019ART. EROS ET THANATOS INFLUENCERONT TOUS LES ARTS. LA COULEUR NOIRE, LE GRIS ET LES COULEURS SOMBRES SERONT EGALEMENT DE SAISON DURANT CES 10 ANS.<\/strong><\/p>\n\n\n\n<p>L\u2019Art contemporain de ces derni\u00e8res ann\u00e9es ne fera plus recette et l\u2019on reviendra \u00e0 plus de classicisme. Les Ma\u00eetres du pass\u00e9 feront de nouveau \u00e9cole. \u00ab&nbsp;L\u2019Art Poubelle&nbsp;\u00bb ne se vendra plus. Eros et Thanatos influenceront tous les Arts. Au cin\u00e9ma les \u00e9pop\u00e9es historiques c\u00f4toieront les films de zombis et les films gores. La couleur noire et les couleurs sombres en g\u00e9n\u00e9ral seront de saison.<\/p>\n\n\n\n<p>Mais je ferais comme Nostradamus et j\u2019arr\u00eaterai ici ma plume \u00ab&nbsp;proph\u00e9tique&nbsp;\u00bb . Le futur pour se r\u00e9aliser ne doit pas \u00eatre totalement d\u00e9voil\u00e9 et il est bon qu\u2019un voile de myst\u00e8re le recouvre aux yeux du profane.<\/p>\n\n\n\n<p><strong>Je rajouterai simplement que je suis relativement optimiste dans cet Avenir et que le monde sera bien meilleur dans 10 ans qu\u2019aujourd\u2019hui.<\/strong>&nbsp;&nbsp;&nbsp;<\/p>\n\n\n\n<h4><strong>&nbsp; &nbsp; &nbsp; &nbsp; &nbsp; &nbsp; &nbsp; &nbsp; &nbsp; &nbsp; &nbsp; &nbsp; &nbsp; &nbsp; &nbsp; &nbsp; &nbsp; &nbsp; &nbsp; &nbsp; &nbsp; &nbsp; &nbsp; &nbsp; &nbsp; &nbsp; &nbsp; &nbsp; &nbsp; &nbsp; &nbsp; &nbsp; &nbsp; &nbsp; &nbsp; &nbsp; &nbsp; &nbsp; &nbsp; &nbsp; &nbsp; &nbsp; &nbsp; &nbsp; &nbsp; &nbsp; &nbsp; &nbsp; &nbsp; &nbsp; &nbsp; &nbsp; &nbsp; &nbsp; &nbsp; &nbsp; &nbsp; &nbsp; &nbsp; &nbsp; &nbsp; &nbsp; &nbsp; &nbsp; &nbsp; &nbsp; &nbsp; &nbsp; &nbsp; &nbsp; &nbsp; &nbsp; &nbsp; &nbsp; &nbsp; &nbsp; &nbsp; &nbsp; &nbsp; &nbsp; &nbsp; &nbsp; &nbsp; &nbsp; &nbsp; &nbsp; &nbsp; &nbsp; &nbsp; &nbsp; &nbsp; &nbsp; &nbsp; &nbsp; &nbsp; &nbsp; &nbsp; &nbsp; &nbsp; &nbsp;MORAZZANO<\/strong><\/h4>\n\n\n\n<ul class=\"is-layout-flex wp-block-gallery-1 wp-block-gallery columns-0 is-cropped\"><\/ul>\n\n\n\n<figure class=\"wp-block-image\"><img decoding=\"async\" loading=\"lazy\" width=\"752\" height=\"1024\" src=\"https:\/\/esoterism3000.com\/astro3000\/wp-content\/uploads\/2019\/09\/IMG_E2747-1-752x1024.jpg\" alt=\"\" class=\"wp-image-35\" srcset=\"https:\/\/esoterism3000.com\/astro3000\/wp-content\/uploads\/2019\/09\/IMG_E2747-1-752x1024.jpg 752w, https:\/\/esoterism3000.com\/astro3000\/wp-content\/uploads\/2019\/09\/IMG_E2747-1-220x300.jpg 220w, https:\/\/esoterism3000.com\/astro3000\/wp-content\/uploads\/2019\/09\/IMG_E2747-1-768x1045.jpg 768w, https:\/\/esoterism3000.com\/astro3000\/wp-content\/uploads\/2019\/09\/IMG_E2747-1.jpg 1125w\" sizes=\"(max-width: 752px) 100vw, 752px\" \/><\/figure>\n\n\n\n<figure class=\"wp-block-image\"><img decoding=\"async\" loading=\"lazy\" width=\"746\" height=\"1024\" src=\"https:\/\/esoterism3000.com\/astro3000\/wp-content\/uploads\/2019\/09\/IMG_E2748-2-746x1024.jpg\" alt=\"\" class=\"wp-image-43\" srcset=\"https:\/\/esoterism3000.com\/astro3000\/wp-content\/uploads\/2019\/09\/IMG_E2748-2-746x1024.jpg 746w, https:\/\/esoterism3000.com\/astro3000\/wp-content\/uploads\/2019\/09\/IMG_E2748-2-219x300.jpg 219w, https:\/\/esoterism3000.com\/astro3000\/wp-content\/uploads\/2019\/09\/IMG_E2748-2-768x1054.jpg 768w, https:\/\/esoterism3000.com\/astro3000\/wp-content\/uploads\/2019\/09\/IMG_E2748-2.jpg 1125w\" sizes=\"(max-width: 746px) 100vw, 746px\" \/><\/figure>\n\n\n\n<figure class=\"wp-block-image\"><img decoding=\"async\" loading=\"lazy\" width=\"745\" height=\"1024\" src=\"https:\/\/esoterism3000.com\/astro3000\/wp-content\/uploads\/2019\/09\/IMG_E2749-2-745x1024.jpg\" alt=\"\" class=\"wp-image-44\" srcset=\"https:\/\/esoterism3000.com\/astro3000\/wp-content\/uploads\/2019\/09\/IMG_E2749-2-745x1024.jpg 745w, https:\/\/esoterism3000.com\/astro3000\/wp-content\/uploads\/2019\/09\/IMG_E2749-2-218x300.jpg 218w, https:\/\/esoterism3000.com\/astro3000\/wp-content\/uploads\/2019\/09\/IMG_E2749-2-768x1056.jpg 768w, https:\/\/esoterism3000.com\/astro3000\/wp-content\/uploads\/2019\/09\/IMG_E2749-2.jpg 1125w\" sizes=\"(max-width: 745px) 100vw, 745px\" \/><\/figure>\n\n\n\n<figure class=\"wp-block-image\"><img decoding=\"async\" loading=\"lazy\" width=\"744\" height=\"1024\" src=\"https:\/\/esoterism3000.com\/astro3000\/wp-content\/uploads\/2019\/09\/IMG_E2750-2-744x1024.jpg\" alt=\"\" class=\"wp-image-45\" srcset=\"https:\/\/esoterism3000.com\/astro3000\/wp-content\/uploads\/2019\/09\/IMG_E2750-2-744x1024.jpg 744w, https:\/\/esoterism3000.com\/astro3000\/wp-content\/uploads\/2019\/09\/IMG_E2750-2-218x300.jpg 218w, https:\/\/esoterism3000.com\/astro3000\/wp-content\/uploads\/2019\/09\/IMG_E2750-2-768x1057.jpg 768w, https:\/\/esoterism3000.com\/astro3000\/wp-content\/uploads\/2019\/09\/IMG_E2750-2.jpg 1125w\" sizes=\"(max-width: 744px) 100vw, 744px\" \/><\/figure>\n\n\n\n<figure class=\"wp-block-image\"><img decoding=\"async\" loading=\"lazy\" width=\"751\" height=\"1024\" src=\"https:\/\/esoterism3000.com\/astro3000\/wp-content\/uploads\/2019\/09\/IMG_E2751-2-751x1024.jpg\" alt=\"\" class=\"wp-image-46\" srcset=\"https:\/\/esoterism3000.com\/astro3000\/wp-content\/uploads\/2019\/09\/IMG_E2751-2-751x1024.jpg 751w, https:\/\/esoterism3000.com\/astro3000\/wp-content\/uploads\/2019\/09\/IMG_E2751-2-220x300.jpg 220w, https:\/\/esoterism3000.com\/astro3000\/wp-content\/uploads\/2019\/09\/IMG_E2751-2-768x1047.jpg 768w, https:\/\/esoterism3000.com\/astro3000\/wp-content\/uploads\/2019\/09\/IMG_E2751-2.jpg 1125w\" sizes=\"(max-width: 751px) 100vw, 751px\" \/><\/figure>\n\n\n\n<figure class=\"wp-block-image\"><img decoding=\"async\" loading=\"lazy\" width=\"754\" height=\"1024\" src=\"https:\/\/esoterism3000.com\/astro3000\/wp-content\/uploads\/2019\/09\/IMG_E2752-2-754x1024.jpg\" alt=\"\" class=\"wp-image-47\" srcset=\"https:\/\/esoterism3000.com\/astro3000\/wp-content\/uploads\/2019\/09\/IMG_E2752-2-754x1024.jpg 754w, https:\/\/esoterism3000.com\/astro3000\/wp-content\/uploads\/2019\/09\/IMG_E2752-2-221x300.jpg 221w, https:\/\/esoterism3000.com\/astro3000\/wp-content\/uploads\/2019\/09\/IMG_E2752-2-768x1042.jpg 768w, https:\/\/esoterism3000.com\/astro3000\/wp-content\/uploads\/2019\/09\/IMG_E2752-2.jpg 1125w\" sizes=\"(max-width: 754px) 100vw, 754px\" \/><\/figure>\n\n\n\n<figure class=\"wp-block-image\"><img decoding=\"async\" loading=\"lazy\" width=\"742\" height=\"1024\" src=\"https:\/\/esoterism3000.com\/astro3000\/wp-content\/uploads\/2019\/09\/IMG_E2753-2-742x1024.jpg\" alt=\"\" class=\"wp-image-48\" srcset=\"https:\/\/esoterism3000.com\/astro3000\/wp-content\/uploads\/2019\/09\/IMG_E2753-2-742x1024.jpg 742w, https:\/\/esoterism3000.com\/astro3000\/wp-content\/uploads\/2019\/09\/IMG_E2753-2-217x300.jpg 217w, https:\/\/esoterism3000.com\/astro3000\/wp-content\/uploads\/2019\/09\/IMG_E2753-2-768x1060.jpg 768w, https:\/\/esoterism3000.com\/astro3000\/wp-content\/uploads\/2019\/09\/IMG_E2753-2.jpg 1125w\" sizes=\"(max-width: 742px) 100vw, 742px\" \/><\/figure>\n\n\n\n<figure class=\"wp-block-image\"><img decoding=\"async\" loading=\"lazy\" width=\"753\" height=\"1024\" src=\"https:\/\/esoterism3000.com\/astro3000\/wp-content\/uploads\/2019\/09\/IMG_E2754-1-753x1024.jpg\" alt=\"\" class=\"wp-image-49\" srcset=\"https:\/\/esoterism3000.com\/astro3000\/wp-content\/uploads\/2019\/09\/IMG_E2754-1-753x1024.jpg 753w, https:\/\/esoterism3000.com\/astro3000\/wp-content\/uploads\/2019\/09\/IMG_E2754-1-221x300.jpg 221w, https:\/\/esoterism3000.com\/astro3000\/wp-content\/uploads\/2019\/09\/IMG_E2754-1-768x1044.jpg 768w, https:\/\/esoterism3000.com\/astro3000\/wp-content\/uploads\/2019\/09\/IMG_E2754-1.jpg 1125w\" sizes=\"(max-width: 753px) 100vw, 753px\" \/><\/figure>\n","protected":false},"excerpt":{"rendered":"<p>Proph\u00e9ties pour les 10 ans \u00e0 venir pour le Monde et la France par Ma\u00eetre Morazzano Lors d&rsquo;une migration informatique ce Blog a \u00e9t\u00e9 totalement d\u00e9truit. Il a pu \u00eatre reconstitu\u00e9, pour la partie \u00e9dit\u00e9 en 2013, tel qu&rsquo;il avait \u00e9t\u00e9 \u00e9crit \u00e0 l&rsquo;origine, gr\u00e2ce \u00e0 un second Blog \u00ab\u00a0Chroniques des Temps \u00e0 Venir\u00a0\u00bb http:\/\/esoterism3000.com\/morazzano\/ [&hellip;]<\/p>\n","protected":false},"author":2,"featured_media":0,"parent":0,"menu_order":0,"comment_status":"closed","ping_status":"closed","template":"","meta":[],"_links":{"self":[{"href":"https:\/\/esoterism3000.com\/astro3000\/index.php\/wp-json\/wp\/v2\/pages\/20"}],"collection":[{"href":"https:\/\/esoterism3000.com\/astro3000\/index.php\/wp-json\/wp\/v2\/pages"}],"about":[{"href":"https:\/\/esoterism3000.com\/astro3000\/index.php\/wp-json\/wp\/v2\/types\/page"}],"author":[{"embeddable":true,"href":"https:\/\/esoterism3000.com\/astro3000\/index.php\/wp-json\/wp\/v2\/users\/2"}],"replies":[{"embeddable":true,"href":"https:\/\/esoterism3000.com\/astro3000\/index.php\/wp-json\/wp\/v2\/comments?post=20"}],"version-history":[{"count":9,"href":"https:\/\/esoterism3000.com\/astro3000\/index.php\/wp-json\/wp\/v2\/pages\/20\/revisions"}],"predecessor-version":[{"id":74,"href":"https:\/\/esoterism3000.com\/astro3000\/index.php\/wp-json\/wp\/v2\/pages\/20\/revisions\/74"}],"wp:attachment":[{"href":"https:\/\/esoterism3000.com\/astro3000\/index.php\/wp-json\/wp\/v2\/media?parent=20"}],"curies":[{"name":"wp","href":"https:\/\/api.w.org\/{rel}","templated":true}]}}